{"id":8304,"date":"2023-06-05T13:44:52","date_gmt":"2023-06-05T12:44:52","guid":{"rendered":"https:\/\/www.mopar.hr\/submission-of-requests-for-access-to-information\/"},"modified":"2024-06-10T12:06:29","modified_gmt":"2024-06-10T11:06:29","slug":"submission-of-requests-for-access-to-information","status":"publish","type":"page","link":"https:\/\/www.mopar.hr\/en\/submission-of-requests-for-access-to-information\/","title":{"rendered":"SUBMISSION OF REQUESTS FOR ACCESS TO INFORMATION"},"content":{"rendered":"<p>[et_pb_section fb_built=&#8221;1&#8243; admin_label=&#8221;Header Section&#8221; _builder_version=&#8221;4.16&#8243; background_color=&#8221;#e5e1cf&#8221; background_position=&#8221;top_center&#8221; custom_padding=&#8221;1%|0px|40px|0px||&#8221; global_colors_info=&#8221;{}&#8221;][et_pb_row custom_padding_last_edited=&#8221;off|desktop&#8221; admin_label=&#8221;Header Row&#8221; _builder_version=&#8221;4.16&#8243; background_size=&#8221;initial&#8221; background_position=&#8221;top_left&#8221; background_repeat=&#8221;repeat&#8221; custom_margin=&#8221;|||&#8221; custom_padding_phone=&#8221;3vw|||&#8221; global_colors_info=&#8221;{}&#8221;][et_pb_column type=&#8221;4_4&#8243; _builder_version=&#8221;4.16&#8243; custom_padding=&#8221;|||&#8221; global_colors_info=&#8221;{}&#8221; custom_padding__hover=&#8221;|||&#8221;][et_pb_text admin_label=&#8221;Heading &#038; Subheading&#8221; _builder_version=&#8221;4.16&#8243; text_font=&#8221;Source Sans Pro|300|||||||&#8221; text_font_size=&#8221;18px&#8221; text_line_height=&#8221;1.8em&#8221; header_font=&#8221;Source Sans Pro|300|||||||&#8221; header_font_size=&#8221;65px&#8221; header_letter_spacing=&#8221;6px&#8221; header_line_height=&#8221;1.4em&#8221; header_2_font=&#8221;Source Sans Pro||||||||&#8221; header_3_font=&#8221;Source Sans Pro|300|||||||&#8221; header_4_font=&#8221;Source Sans Pro||||||||&#8221; header_5_font=&#8221;Source Sans Pro||||||||&#8221; text_orientation=&#8221;center&#8221; max_width=&#8221;800px&#8221; max_width_last_edited=&#8221;off|desktop&#8221; module_alignment=&#8221;center&#8221; custom_margin=&#8221;|||&#8221; custom_padding=&#8221;|||&#8221; custom_padding_last_edited=&#8221;off|desktop&#8221; animation_style=&#8221;fade&#8221; header_font_size_tablet=&#8221;&#8221; header_font_size_phone=&#8221;50px&#8221; header_font_size_last_edited=&#8221;on|desktop&#8221; global_colors_info=&#8221;{}&#8221;]<\/p>\n<h1>SUBMISSION<\/h1>\n<h1>requests for access to information<\/h1>\n<p>[\/et_pb_text][\/et_pb_column][\/et_pb_row][et_pb_row use_custom_gutter=&#8221;on&#8221; gutter_width=&#8221;1&#8243; make_equal=&#8221;on&#8221; admin_label=&#8221;Case Study Row&#8221; _builder_version=&#8221;4.16&#8243; custom_padding=&#8221;4px|||||&#8221; global_colors_info=&#8221;{}&#8221;][et_pb_column type=&#8221;4_4&#8243; _builder_version=&#8221;4.16&#8243; custom_padding=&#8221;|||&#8221; global_colors_info=&#8221;{}&#8221; custom_padding__hover=&#8221;|||&#8221;][et_pb_text _builder_version=&#8221;4.25.1&#8243; _module_preset=&#8221;default&#8221; header_3_font=&#8221;|||on|||||&#8221; background_color=&#8221;#FFFFFF&#8221; custom_padding=&#8221;20px|50px|20px|50px|false|false&#8221; hover_enabled=&#8221;0&#8243; global_colors_info=&#8221;{}&#8221; sticky_enabled=&#8221;0&#8243;]<\/p>\n<h3><strong>Submitting a request for access to information<\/strong><\/h3>\n<p>In accordance with the Law on the right to access information (Official Gazette 25\/13, 85\/15), citizens exercise their right to access information by submitting a request to Monolitinvest d.o.o.<\/p>\n<p><strong>A request for exercising the right to access information can be submitted:<\/strong><\/p>\n<ul>\n<li>in writing to the address: Monolitinvest d.o.o., Raji\u0107i 14, Klo\u0161tar Vojakova\u010dki, 48260 Kri\u017eevci<\/li>\n<li>electronically at the address: gdpr@mopar.hr<\/li>\n<\/ul>\n<p>When submitting the application, it is not necessary to pay an additional fee with the form.<\/p>\n<p><strong>A request for access to information, in order to be valid, must necessarily contain:<\/strong><\/p>\n<ul>\n<li>the party&#8217;s statement that it refers to the Law on the Right to Access to Information<\/li>\n<li>name and headquarters of the public authority to which the request is submitted<\/li>\n<li>data that are important for identifying the requested information<\/li>\n<li>first and last name and full residential address of the natural person submitting the application<\/li>\n<li>the company, i.e. the name of the legal entity and its registered office<\/li>\n<\/ul>\n<p>Incomplete requests cannot be referred to the procedure.<\/p>\n<p>The applicant is not obliged to state the reasons for requesting access to the information, and in the request he can also suggest the way in which the public authority will make the information available.<\/p>\n<p>The information officer is:<\/p>\n<p>Bo\u017eica Nemet<\/p>\n<p>phone: 048\/692-200<br \/>e-mail: <a href=\"mailto:bozica.nemet@mopar.hr\">bozica.nemet@mopar.hr<\/a><\/p>\n<p>The request can be downloaded at this link <a href=\"https:\/\/www.mopar.hr\/wp-content\/uploads\/2024\/06\/ZAHTJEV-ZA-OSTVARIVANJE-PRAVA-ISPITANIKA.pdf\" rel=\"attachment wp-att-8932\">ZAHTJEV-ZA-OSTVARIVANJE-PRAVA-ISPITANIKA<\/a><\/p>\n<p>[\/et_pb_text][\/et_pb_column][\/et_pb_row][\/et_pb_section]<\/p>\n","protected":false},"excerpt":{"rendered":"<p>SUBMISSION requests for access to informationSubmitting a request for access to information In accordance with the Law on the right to access information (Official Gazette 25\/13, 85\/15), citizens exercise their right to access information by submitting a request to Monolitinvest d.o.o. A request for exercising the right to access information can be submitted: in writing [&hellip;]<\/p>\n","protected":false},"author":2,"featured_media":0,"parent":0,"menu_order":0,"comment_status":"closed","ping_status":"closed","template":"","meta":{"_et_pb_use_builder":"on","_et_pb_old_content":"","_et_gb_content_width":"","footnotes":""},"class_list":["post-8304","page","type-page","status-publish","hentry"],"_links":{"self":[{"href":"https:\/\/www.mopar.hr\/en\/wp-json\/wp\/v2\/pages\/8304","targetHints":{"allow":["GET"]}}],"collection":[{"href":"https:\/\/www.mopar.hr\/en\/wp-json\/wp\/v2\/pages"}],"about":[{"href":"https:\/\/www.mopar.hr\/en\/wp-json\/wp\/v2\/types\/page"}],"author":[{"embeddable":true,"href":"https:\/\/www.mopar.hr\/en\/wp-json\/wp\/v2\/users\/2"}],"replies":[{"embeddable":true,"href":"https:\/\/www.mopar.hr\/en\/wp-json\/wp\/v2\/comments?post=8304"}],"version-history":[{"count":3,"href":"https:\/\/www.mopar.hr\/en\/wp-json\/wp\/v2\/pages\/8304\/revisions"}],"predecessor-version":[{"id":8937,"href":"https:\/\/www.mopar.hr\/en\/wp-json\/wp\/v2\/pages\/8304\/revisions\/8937"}],"wp:attachment":[{"href":"https:\/\/www.mopar.hr\/en\/wp-json\/wp\/v2\/media?parent=8304"}],"curies":[{"name":"wp","href":"https:\/\/api.w.org\/{rel}","templated":true}]}}