{"id":8350,"date":"2023-07-13T10:19:34","date_gmt":"2023-07-13T09:19:34","guid":{"rendered":"https:\/\/www.mopar.hr\/impressum\/"},"modified":"2023-07-13T10:19:35","modified_gmt":"2023-07-13T09:19:35","slug":"impressum","status":"publish","type":"page","link":"https:\/\/www.mopar.hr\/en\/impressum\/","title":{"rendered":"IMPRESSUM"},"content":{"rendered":"<p>[et_pb_section fb_built=&#8221;1&#8243; admin_label=&#8221;Header Section&#8221; _builder_version=&#8221;4.16&#8243; background_color=&#8221;#e5e1cf&#8221; background_position=&#8221;top_center&#8221; custom_padding=&#8221;1%|0px|40px|0px||&#8221; global_colors_info=&#8221;{}&#8221; theme_builder_area=&#8221;post_content&#8221;][et_pb_row custom_padding_last_edited=&#8221;off|desktop&#8221; admin_label=&#8221;Header Row&#8221; _builder_version=&#8221;4.16&#8243; background_size=&#8221;initial&#8221; background_position=&#8221;top_left&#8221; background_repeat=&#8221;repeat&#8221; custom_margin=&#8221;|||&#8221; custom_padding=&#8221;|||&#8221; custom_padding_phone=&#8221;3vw|||&#8221; global_colors_info=&#8221;{}&#8221; theme_builder_area=&#8221;post_content&#8221;][et_pb_column type=&#8221;4_4&#8243; _builder_version=&#8221;4.16&#8243; custom_padding=&#8221;|||&#8221; global_colors_info=&#8221;{}&#8221; custom_padding__hover=&#8221;|||&#8221; theme_builder_area=&#8221;post_content&#8221;][et_pb_text admin_label=&#8221;Heading &#038; Subheading&#8221; _builder_version=&#8221;4.21.0&#8243; text_font=&#8221;Source Sans Pro|300|||||||&#8221; text_font_size=&#8221;18px&#8221; text_line_height=&#8221;1.8em&#8221; header_font=&#8221;Source Sans Pro|300|||||||&#8221; header_font_size=&#8221;65px&#8221; header_letter_spacing=&#8221;6px&#8221; header_line_height=&#8221;1.4em&#8221; header_2_font=&#8221;Source Sans Pro||||||||&#8221; header_3_font=&#8221;Source Sans Pro|300|||||||&#8221; header_4_font=&#8221;Source Sans Pro||||||||&#8221; header_5_font=&#8221;Source Sans Pro||||||||&#8221; text_orientation=&#8221;center&#8221; max_width=&#8221;800px&#8221; max_width_last_edited=&#8221;off|desktop&#8221; module_alignment=&#8221;center&#8221; custom_margin=&#8221;|||&#8221; custom_padding=&#8221;|||&#8221; custom_padding_last_edited=&#8221;off|desktop&#8221; animation_style=&#8221;fade&#8221; hover_enabled=&#8221;0&#8243; header_font_size_tablet=&#8221;&#8221; header_font_size_phone=&#8221;50px&#8221; header_font_size_last_edited=&#8221;on|desktop&#8221; global_colors_info=&#8221;{}&#8221; theme_builder_area=&#8221;post_content&#8221; sticky_enabled=&#8221;0&#8243; inline_fonts=&#8221;Source Sans Pro,Source Code Pro&#8221;]<\/p>\n<h1><span style=\"font-family: 'Source Sans Pro'; font-weight: normal;\">Impressum<\/span><\/h1>\n<p>[\/et_pb_text][\/et_pb_column][\/et_pb_row][et_pb_row use_custom_gutter=&#8221;on&#8221; gutter_width=&#8221;1&#8243; make_equal=&#8221;on&#8221; admin_label=&#8221;Case Study Row&#8221; _builder_version=&#8221;4.16&#8243; custom_padding=&#8221;4px|||||&#8221; global_colors_info=&#8221;{}&#8221; theme_builder_area=&#8221;post_content&#8221;][et_pb_column type=&#8221;4_4&#8243; _builder_version=&#8221;4.16&#8243; custom_padding=&#8221;|||&#8221; global_colors_info=&#8221;{}&#8221; custom_padding__hover=&#8221;|||&#8221; theme_builder_area=&#8221;post_content&#8221;][et_pb_text _builder_version=&#8221;4.21.0&#8243; _module_preset=&#8221;default&#8221; header_3_font=&#8221;|||on|||||&#8221; background_color=&#8221;#FFFFFF&#8221; custom_padding=&#8221;20px|50px|20px|50px|false|false&#8221; global_colors_info=&#8221;{}&#8221; theme_builder_area=&#8221;post_content&#8221;]<\/p>\n<h2><strong>MONOLITINVEST\u00a0 D.O.O.<\/strong><\/h2>\n<p><strong>Headquarters:<\/strong>\u00a0 Raji\u0107i 14, Klo\u0161tar Vojakova\u010dki, 48260 Kri\u017eevci<br \/><strong>PIN:<\/strong>\u00a048542326621<br \/><strong>MBS:<\/strong>\u00a0010065160<br \/><strong>Registration number:<\/strong> 2207737<br \/><strong>IBAN:\u00a0<\/strong>HR9623400091111120309<br \/><strong>SWIFT CODE (BIC):\u00a0<\/strong>PBZGHR2X<\/p>\n<p><strong>Director<\/strong>\u00a0: Marijana Tru\u0161\u010dek Benkovi\u0107, M.B.A.<\/p>\n<p><strong>Basic capital:<\/strong> 2 654,46 \u20ac (20 000 Kn)<\/p>\n<p>[\/et_pb_text][\/et_pb_column][\/et_pb_row][\/et_pb_section]<\/p>\n","protected":false},"excerpt":{"rendered":"<p>ImpressumMONOLITINVEST\u00a0 D.O.O. Headquarters:\u00a0 Raji\u0107i 14, Klo\u0161tar Vojakova\u010dki, 48260 Kri\u017eevciPIN:\u00a048542326621MBS:\u00a0010065160Registration number: 2207737IBAN:\u00a0HR9623400091111120309SWIFT CODE (BIC):\u00a0PBZGHR2X Director\u00a0: Marijana Tru\u0161\u010dek Benkovi\u0107, M.B.A. Basic capital: 2 654,46 \u20ac (20 000 Kn)<\/p>\n","protected":false},"author":2,"featured_media":0,"parent":0,"menu_order":0,"comment_status":"closed","ping_status":"closed","template":"","meta":{"_et_pb_use_builder":"on","_et_pb_old_content":"","_et_gb_content_width":"","footnotes":""},"class_list":["post-8350","page","type-page","status-publish","hentry"],"_links":{"self":[{"href":"https:\/\/www.mopar.hr\/en\/wp-json\/wp\/v2\/pages\/8350","targetHints":{"allow":["GET"]}}],"collection":[{"href":"https:\/\/www.mopar.hr\/en\/wp-json\/wp\/v2\/pages"}],"about":[{"href":"https:\/\/www.mopar.hr\/en\/wp-json\/wp\/v2\/types\/page"}],"author":[{"embeddable":true,"href":"https:\/\/www.mopar.hr\/en\/wp-json\/wp\/v2\/users\/2"}],"replies":[{"embeddable":true,"href":"https:\/\/www.mopar.hr\/en\/wp-json\/wp\/v2\/comments?post=8350"}],"version-history":[{"count":2,"href":"https:\/\/www.mopar.hr\/en\/wp-json\/wp\/v2\/pages\/8350\/revisions"}],"predecessor-version":[{"id":8352,"href":"https:\/\/www.mopar.hr\/en\/wp-json\/wp\/v2\/pages\/8350\/revisions\/8352"}],"wp:attachment":[{"href":"https:\/\/www.mopar.hr\/en\/wp-json\/wp\/v2\/media?parent=8350"}],"curies":[{"name":"wp","href":"https:\/\/api.w.org\/{rel}","templated":true}]}}